{"id":68,"date":"2025-01-02T13:16:20","date_gmt":"2025-01-02T13:16:20","guid":{"rendered":"https:\/\/www.celeste-ollivier.fr\/?page_id=68"},"modified":"2025-05-01T14:30:24","modified_gmt":"2025-05-01T14:30:24","slug":"challenge-interne","status":"publish","type":"page","link":"https:\/\/www.celeste-ollivier.fr\/?page_id=68","title":{"rendered":"Challenges"},"content":{"rendered":"\t\t<div data-elementor-type=\"wp-page\" data-elementor-id=\"68\" class=\"elementor elementor-68\">\n\t\t\t\t<div class=\"elementor-element elementor-element-59c8aae e-flex e-con-boxed wpr-particle-no wpr-jarallax-no wpr-parallax-no wpr-sticky-section-no e-con e-parent\" data-id=\"59c8aae\" data-element_type=\"container\" data-settings=\"{&quot;background_background&quot;:&quot;classic&quot;,&quot;shape_divider_bottom&quot;:&quot;split&quot;}\">\n\t\t\t\t\t<div class=\"e-con-inner\">\n\t\t\t\t<div class=\"elementor-shape elementor-shape-bottom\" data-negative=\"false\">\n\t\t\t<svg xmlns=\"http:\/\/www.w3.org\/2000\/svg\" viewBox=\"0 0 1000 20\" preserveAspectRatio=\"none\">\n\t<path class=\"elementor-shape-fill\" d=\"M0,0v3c0,0,393.8,0,483.4,0c9.2,0,16.6,7.4,16.6,16.6c0-9.1,7.4-16.6,16.6-16.6C606.2,3,1000,3,1000,3V0H0z\"\/>\n<\/svg>\t\t<\/div>\n\t\t<div class=\"elementor-element elementor-element-debbab0 e-con-full e-flex wpr-particle-no wpr-jarallax-no wpr-parallax-no wpr-sticky-section-no e-con e-child\" data-id=\"debbab0\" data-element_type=\"container\">\n\t\t\t\t<div class=\"elementor-element elementor-element-4571058 elementor-widget elementor-widget-heading\" data-id=\"4571058\" data-element_type=\"widget\" data-widget_type=\"heading.default\">\n\t\t\t\t<div class=\"elementor-widget-container\">\n\t\t\t<h2 class=\"elementor-heading-title elementor-size-default\">Challenges<\/h2>\t\t<\/div>\n\t\t\t\t<\/div>\n\t\t\t\t<div class=\"elementor-element elementor-element-a1cd8a7 elementor-widget elementor-widget-heading\" data-id=\"a1cd8a7\" data-element_type=\"widget\" data-widget_type=\"heading.default\">\n\t\t\t\t<div class=\"elementor-widget-container\">\n\t\t\t<h3 class=\"elementor-heading-title elementor-size-default\">2\u00e8me ann\u00e9e de BUT<\/h3>\t\t<\/div>\n\t\t\t\t<\/div>\n\t\t\t\t<div class=\"elementor-element elementor-element-eb95b86 elementor-widget__width-initial elementor-widget elementor-widget-image\" data-id=\"eb95b86\" data-element_type=\"widget\" data-widget_type=\"image.default\">\n\t\t\t\t<div class=\"elementor-widget-container\">\n\t\t\t\t\t\t\t\t\t\t\t\t\t<img fetchpriority=\"high\" decoding=\"async\" width=\"800\" height=\"512\" src=\"https:\/\/www.celeste-ollivier.fr\/wp-content\/uploads\/2025\/01\/Capture-decran-2025-01-03-a-04.01.18-1024x655.png\" class=\"attachment-large size-large wp-image-223\" alt=\"\" srcset=\"https:\/\/www.celeste-ollivier.fr\/wp-content\/uploads\/2025\/01\/Capture-decran-2025-01-03-a-04.01.18-1024x655.png 1024w, https:\/\/www.celeste-ollivier.fr\/wp-content\/uploads\/2025\/01\/Capture-decran-2025-01-03-a-04.01.18-300x192.png 300w, https:\/\/www.celeste-ollivier.fr\/wp-content\/uploads\/2025\/01\/Capture-decran-2025-01-03-a-04.01.18-768x491.png 768w, https:\/\/www.celeste-ollivier.fr\/wp-content\/uploads\/2025\/01\/Capture-decran-2025-01-03-a-04.01.18.png 1386w\" sizes=\"(max-width: 800px) 100vw, 800px\" \/>\t\t\t\t\t\t\t\t\t\t\t\t\t<\/div>\n\t\t\t\t<\/div>\n\t\t\t\t<div class=\"elementor-element elementor-element-39d6bc2 elementor-widget__width-initial elementor-widget elementor-widget-image\" data-id=\"39d6bc2\" data-element_type=\"widget\" data-widget_type=\"image.default\">\n\t\t\t\t<div class=\"elementor-widget-container\">\n\t\t\t\t\t\t\t\t\t\t\t\t\t<img decoding=\"async\" width=\"800\" height=\"459\" src=\"https:\/\/www.celeste-ollivier.fr\/wp-content\/uploads\/2025\/01\/Capture-decran-2025-01-03-a-04.08.46-1024x588.png\" class=\"attachment-large size-large wp-image-225\" alt=\"\" srcset=\"https:\/\/www.celeste-ollivier.fr\/wp-content\/uploads\/2025\/01\/Capture-decran-2025-01-03-a-04.08.46-1024x588.png 1024w, https:\/\/www.celeste-ollivier.fr\/wp-content\/uploads\/2025\/01\/Capture-decran-2025-01-03-a-04.08.46-300x172.png 300w, https:\/\/www.celeste-ollivier.fr\/wp-content\/uploads\/2025\/01\/Capture-decran-2025-01-03-a-04.08.46-768x441.png 768w, https:\/\/www.celeste-ollivier.fr\/wp-content\/uploads\/2025\/01\/Capture-decran-2025-01-03-a-04.08.46-1536x882.png 1536w, https:\/\/www.celeste-ollivier.fr\/wp-content\/uploads\/2025\/01\/Capture-decran-2025-01-03-a-04.08.46.png 1560w\" sizes=\"(max-width: 800px) 100vw, 800px\" \/>\t\t\t\t\t\t\t\t\t\t\t\t\t<\/div>\n\t\t\t\t<\/div>\n\t\t\t\t<\/div>\n\t\t<div class=\"elementor-element elementor-element-9165340 e-con-full e-flex wpr-particle-no wpr-jarallax-no wpr-parallax-no wpr-sticky-section-no e-con e-child\" data-id=\"9165340\" data-element_type=\"container\">\n\t\t\t\t<div class=\"elementor-element elementor-element-fa860ab elementor-widget elementor-widget-heading\" data-id=\"fa860ab\" data-element_type=\"widget\" data-widget_type=\"heading.default\">\n\t\t\t\t<div class=\"elementor-widget-container\">\n\t\t\t<h2 class=\"elementor-heading-title elementor-size-default\">Interne<br>R\u00e9gional<br>National<\/h2>\t\t<\/div>\n\t\t\t\t<\/div>\n\t\t\t\t<div class=\"elementor-element elementor-element-17bb0cf elementor-widget elementor-widget-spacer\" data-id=\"17bb0cf\" data-element_type=\"widget\" data-widget_type=\"spacer.default\">\n\t\t\t\t<div class=\"elementor-widget-container\">\n\t\t\t\t\t<div class=\"elementor-spacer\">\n\t\t\t<div class=\"elementor-spacer-inner\"><\/div>\n\t\t<\/div>\n\t\t\t\t<\/div>\n\t\t\t\t<\/div>\n\t\t\t\t<div class=\"elementor-element elementor-element-c8aa0e4 elementor-widget__width-initial elementor-widget elementor-widget-text-editor\" data-id=\"c8aa0e4\" data-element_type=\"widget\" data-widget_type=\"text-editor.default\">\n\t\t\t\t<div class=\"elementor-widget-container\">\n\t\t\t\t\t\t\t<p>Les challenges se d\u00e9roulent sur une semaine enti\u00e8re dans laquelle je dois travailler en \u00e9quipe afin de cr\u00e9er une campagne publicitaire allant de la strat\u00e9gie de communication \u00e0 la strat\u00e9gie des moyens en passant par la strat\u00e9gie cr\u00e9ative afin de r\u00e9pondre \u00e0 la demande d&rsquo;un commanditaire professionnel. Les \u00e9quipes sont compos\u00e9es d&rsquo;\u00e9tudiants du parcours Publicit\u00e9 et d&rsquo;\u00e9tudiants du parcours Communication de la formation afin de combiner au mieux nos diff\u00e9rentes comp\u00e9tences.\u00a0<\/p><p>\u00c0 la fin de cette semaine riche en recherches et en organisation, nous devons pr\u00e9senter \u00e0 l&rsquo;oral notre projet devant un jury de professeurs et de professionnels de l&rsquo;IUT.\u00a0<\/p><p>Enfin, \u00e9tant donn\u00e9 que c&rsquo;est un challenge, trois \u00e9quipes seront s\u00e9lectionn\u00e9es pour s&rsquo;affronter lors de la finale pour laquelle le commanditaire sera pr\u00e9sent.<\/p>\t\t\t\t\t\t<\/div>\n\t\t\t\t<\/div>\n\t\t\t\t<\/div>\n\t\t\t\t\t<\/div>\n\t\t\t\t<\/div>\n\t\t<div class=\"elementor-element elementor-element-cc3fdd3 e-flex e-con-boxed wpr-particle-no wpr-jarallax-no wpr-parallax-no wpr-sticky-section-no e-con e-parent\" data-id=\"cc3fdd3\" data-element_type=\"container\">\n\t\t\t\t\t<div class=\"e-con-inner\">\n\t\t<div class=\"elementor-element elementor-element-a4da3c7 e-con-full e-flex wpr-particle-no wpr-jarallax-no wpr-parallax-no wpr-sticky-section-no e-con e-child\" data-id=\"a4da3c7\" data-element_type=\"container\">\n\t\t\t\t<div class=\"elementor-element elementor-element-4c2fa3e elementor-widget elementor-widget-heading\" data-id=\"4c2fa3e\" data-element_type=\"widget\" data-widget_type=\"heading.default\">\n\t\t\t\t<div class=\"elementor-widget-container\">\n\t\t\t<h2 class=\"elementor-heading-title elementor-size-default\">Challenge interne<\/h2>\t\t<\/div>\n\t\t\t\t<\/div>\n\t\t\t\t<div class=\"elementor-element elementor-element-f1690a0 elementor-widget elementor-widget-text-editor\" data-id=\"f1690a0\" data-element_type=\"widget\" data-widget_type=\"text-editor.default\">\n\t\t\t\t<div class=\"elementor-widget-container\">\n\t\t\t\t\t\t\t<p>Le challenge interne s&rsquo;est d\u00e9roul\u00e9 la semaine du 21 octobre 2024. Le commanditaire de ce challenge \u00e9tait la Biscuiterie Billiotte, une marque de biscuits gourmands francs-comtois.\u00a0<\/p><p>La demande qui nous \u00e9tait faite \u00e9tait de proposer une campagne qui augmenterai la visibilit\u00e9 de la marque. Il fallait que cette campagne puisse g\u00e9n\u00e9rer du trafic en magasins et sur le site internet. Nous devions \u00e9galement apporter une image de marque moderne.<\/p><p>J&rsquo;ai eu la chance de collaborer avec une superbe \u00e9quipe. D&rsquo;ailleurs, nous devions choisir un nom d&rsquo;\u00e9quipe : les SMACC (comportant chacune de nos initiales). D&rsquo;ailleurs, j&rsquo;ai r\u00e9alis\u00e9 moi-m\u00eame notre logo !<\/p>\t\t\t\t\t\t<\/div>\n\t\t\t\t<\/div>\n\t\t\t\t<\/div>\n\t\t<div class=\"elementor-element elementor-element-d459f4a e-con-full e-flex wpr-particle-no wpr-jarallax-no wpr-parallax-no wpr-sticky-section-no e-con e-child\" data-id=\"d459f4a\" data-element_type=\"container\">\n\t\t\t\t<\/div>\n\t\t\t\t\t<\/div>\n\t\t\t\t<\/div>\n\t\t<div class=\"elementor-element elementor-element-3e1e5bd e-flex e-con-boxed wpr-particle-no wpr-jarallax-no wpr-parallax-no wpr-sticky-section-no e-con e-parent\" data-id=\"3e1e5bd\" data-element_type=\"container\">\n\t\t\t\t\t<div class=\"e-con-inner\">\n\t\t<div class=\"elementor-element elementor-element-bd39fad e-con-full e-flex wpr-particle-no wpr-jarallax-no wpr-parallax-no wpr-sticky-section-no e-con e-child\" data-id=\"bd39fad\" data-element_type=\"container\">\n\t\t\t\t<div class=\"elementor-element elementor-element-c6a6dc6 elementor-widget elementor-widget-heading\" data-id=\"c6a6dc6\" data-element_type=\"widget\" data-widget_type=\"heading.default\">\n\t\t\t\t<div class=\"elementor-widget-container\">\n\t\t\t<h2 class=\"elementor-heading-title elementor-size-default\">Challenge r\u00e9gional<\/h2>\t\t<\/div>\n\t\t\t\t<\/div>\n\t\t\t\t<div class=\"elementor-element elementor-element-8c0c9d3 elementor-widget elementor-widget-text-editor\" data-id=\"8c0c9d3\" data-element_type=\"widget\" data-widget_type=\"text-editor.default\">\n\t\t\t\t<div class=\"elementor-widget-container\">\n\t\t\t\t\t\t\t<p>Le challenge r\u00e9gional s&rsquo;est d\u00e9roul\u00e9 la semaine du 25 d\u00e9cembre 2024. Le commanditaire de ce challenge \u00e9tait Parco Cycles, une marque de v\u00e9los \u00e0 assistance \u00e9lectrique connus pour leur l\u00e9g\u00e8ret\u00e9 et leur simplicit\u00e9 d&rsquo;utilisation.\u00a0<\/p><p>La demande qui nous \u00e9tait faite \u00e9tait de proposer une campagne pour promouvoir le nouveau v\u00e9lo Parco et pour assurer un certain nombre de pr\u00e9-ventes.\u00a0<\/p><p>Nous avions pour contrainte de r\u00e9aliser une landing page, c&rsquo;est \u00e0 dire une page web d\u00e9di\u00e9e au nouveau produit et \u00e0 la campagne de crowdfunding.\u00a0<\/p><p>C&rsquo;est avec la m\u00eame \u00e9quipe que le premier challenge que j&rsquo;ai d\u00e9cid\u00e9 de passer celui-ci : les SMACC.<\/p>\t\t\t\t\t\t<\/div>\n\t\t\t\t<\/div>\n\t\t\t\t<\/div>\n\t\t<div class=\"elementor-element elementor-element-de7f190 e-con-full e-flex wpr-particle-no wpr-jarallax-no wpr-parallax-no wpr-sticky-section-no e-con e-child\" data-id=\"de7f190\" data-element_type=\"container\">\n\t\t\t\t<\/div>\n\t\t\t\t\t<\/div>\n\t\t\t\t<\/div>\n\t\t<div class=\"elementor-element elementor-element-ea51f54 e-flex e-con-boxed wpr-particle-no wpr-jarallax-no wpr-parallax-no wpr-sticky-section-no e-con e-parent\" data-id=\"ea51f54\" data-element_type=\"container\">\n\t\t\t\t\t<div class=\"e-con-inner\">\n\t\t<div class=\"elementor-element elementor-element-0e5bf49 e-con-full e-flex wpr-particle-no wpr-jarallax-no wpr-parallax-no wpr-sticky-section-no e-con e-child\" data-id=\"0e5bf49\" data-element_type=\"container\">\n\t\t\t\t<div class=\"elementor-element elementor-element-f885fa7 elementor-widget elementor-widget-heading\" data-id=\"f885fa7\" data-element_type=\"widget\" data-widget_type=\"heading.default\">\n\t\t\t\t<div class=\"elementor-widget-container\">\n\t\t\t<h2 class=\"elementor-heading-title elementor-size-default\">Challenge national<\/h2>\t\t<\/div>\n\t\t\t\t<\/div>\n\t\t\t\t<div class=\"elementor-element elementor-element-a743850 elementor-widget elementor-widget-text-editor\" data-id=\"a743850\" data-element_type=\"widget\" data-widget_type=\"text-editor.default\">\n\t\t\t\t<div class=\"elementor-widget-container\">\n\t\t\t\t\t\t\t<p>Le challenge r\u00e9gional s&rsquo;est d\u00e9roul\u00e9 la semaine du 25 d\u00e9cembre 2024. Le commanditaire de ce challenge \u00e9tait Parco Cycles, une marque de v\u00e9los \u00e0 assistance \u00e9lectrique connus pour leur l\u00e9g\u00e8ret\u00e9 et leur simplicit\u00e9 d&rsquo;utilisation.\u00a0<\/p><p>La demande qui nous \u00e9tait faite \u00e9tait de proposer une campagne pour promouvoir le nouveau v\u00e9lo Parco et pour assurer un certain nombre de pr\u00e9-ventes.\u00a0<\/p><p>Nous avions pour contrainte de r\u00e9aliser une landing page, c&rsquo;est \u00e0 dire une page web d\u00e9di\u00e9e au nouveau produit et \u00e0 la campagne de crowdfunding.\u00a0<\/p><p>C&rsquo;est avec la m\u00eame \u00e9quipe que le premier challenge que j&rsquo;ai d\u00e9cid\u00e9 de passer celui-ci : les SMACC.<\/p>\t\t\t\t\t\t<\/div>\n\t\t\t\t<\/div>\n\t\t\t\t<\/div>\n\t\t<div class=\"elementor-element elementor-element-0fafec9 e-con-full e-flex wpr-particle-no wpr-jarallax-no wpr-parallax-no wpr-sticky-section-no e-con e-child\" data-id=\"0fafec9\" data-element_type=\"container\">\n\t\t\t\t<\/div>\n\t\t\t\t\t<\/div>\n\t\t\t\t<\/div>\n\t\t\t\t<\/div>\n\t\t","protected":false},"excerpt":{"rendered":"<p>Challenges 2\u00e8me ann\u00e9e de BUT InterneR\u00e9gionalNational Les challenges se d\u00e9roulent sur une semaine enti\u00e8re dans laquelle je dois travailler en \u00e9quipe afin de cr\u00e9er une campagne publicitaire allant de la strat\u00e9gie de communication \u00e0 la strat\u00e9gie des moyens en passant par la strat\u00e9gie cr\u00e9ative afin de r\u00e9pondre \u00e0 la demande d&rsquo;un commanditaire professionnel. Les \u00e9quipes sont compos\u00e9es d&rsquo;\u00e9tudiants du parcours Publicit\u00e9 et d&rsquo;\u00e9tudiants du parcours Communication de la formation afin de combiner au mieux nos diff\u00e9rentes comp\u00e9tences.\u00a0 \u00c0 la fin de cette semaine riche en recherches et en organisation, nous devons pr\u00e9senter \u00e0 l&rsquo;oral notre projet devant un jury de professeurs et de professionnels de l&rsquo;IUT.\u00a0 Enfin, \u00e9tant donn\u00e9 que c&rsquo;est un challenge, trois \u00e9quipes seront s\u00e9lectionn\u00e9es pour s&rsquo;affronter lors de la finale pour laquelle le commanditaire sera pr\u00e9sent. Challenge interne Le challenge interne s&rsquo;est d\u00e9roul\u00e9 la semaine du 21 octobre 2024. Le commanditaire de ce challenge \u00e9tait la Biscuiterie Billiotte, une marque de biscuits gourmands francs-comtois.\u00a0 La demande qui nous \u00e9tait faite \u00e9tait de proposer une campagne qui augmenterai la visibilit\u00e9 de la marque. Il fallait que cette campagne puisse g\u00e9n\u00e9rer du trafic en magasins et sur le site internet. Nous devions \u00e9galement apporter une image de marque moderne. J&rsquo;ai eu la chance de collaborer avec une superbe \u00e9quipe. D&rsquo;ailleurs, nous devions choisir un nom d&rsquo;\u00e9quipe : les SMACC (comportant chacune de nos initiales). D&rsquo;ailleurs, j&rsquo;ai r\u00e9alis\u00e9 moi-m\u00eame notre logo ! Challenge r\u00e9gional Le challenge r\u00e9gional s&rsquo;est d\u00e9roul\u00e9 la semaine du 25 d\u00e9cembre 2024. Le commanditaire de ce challenge \u00e9tait Parco Cycles, une marque de v\u00e9los \u00e0 assistance \u00e9lectrique connus pour leur l\u00e9g\u00e8ret\u00e9 et leur simplicit\u00e9 d&rsquo;utilisation.\u00a0 La demande qui nous \u00e9tait faite \u00e9tait de proposer une campagne pour promouvoir le nouveau v\u00e9lo Parco et pour assurer un certain nombre de pr\u00e9-ventes.\u00a0 Nous avions pour contrainte de r\u00e9aliser une landing page, c&rsquo;est \u00e0 dire une page web d\u00e9di\u00e9e au nouveau produit et \u00e0 la campagne de crowdfunding.\u00a0 C&rsquo;est avec la m\u00eame \u00e9quipe que le premier challenge que j&rsquo;ai d\u00e9cid\u00e9 de passer celui-ci : les SMACC. Challenge national Le challenge r\u00e9gional s&rsquo;est d\u00e9roul\u00e9 la semaine du 25 d\u00e9cembre 2024. Le commanditaire de ce challenge \u00e9tait Parco Cycles, une marque de v\u00e9los \u00e0 assistance \u00e9lectrique connus pour leur l\u00e9g\u00e8ret\u00e9 et leur simplicit\u00e9 d&rsquo;utilisation.\u00a0 La demande qui nous \u00e9tait faite \u00e9tait de proposer une campagne pour promouvoir le nouveau v\u00e9lo Parco et pour assurer un certain nombre de pr\u00e9-ventes.\u00a0 Nous avions pour contrainte de r\u00e9aliser une landing page, c&rsquo;est \u00e0 dire une page web d\u00e9di\u00e9e au nouveau produit et \u00e0 la campagne de crowdfunding.\u00a0 C&rsquo;est avec la m\u00eame \u00e9quipe que le premier challenge que j&rsquo;ai d\u00e9cid\u00e9 de passer celui-ci : les SMACC.<\/p>\n","protected":false},"author":1,"featured_media":0,"parent":0,"menu_order":0,"comment_status":"closed","ping_status":"closed","template":"","meta":{"footnotes":""},"class_list":["post-68","page","type-page","status-publish","hentry"],"_links":{"self":[{"href":"https:\/\/www.celeste-ollivier.fr\/index.php?rest_route=\/wp\/v2\/pages\/68","targetHints":{"allow":["GET"]}}],"collection":[{"href":"https:\/\/www.celeste-ollivier.fr\/index.php?rest_route=\/wp\/v2\/pages"}],"about":[{"href":"https:\/\/www.celeste-ollivier.fr\/index.php?rest_route=\/wp\/v2\/types\/page"}],"author":[{"embeddable":true,"href":"https:\/\/www.celeste-ollivier.fr\/index.php?rest_route=\/wp\/v2\/users\/1"}],"replies":[{"embeddable":true,"href":"https:\/\/www.celeste-ollivier.fr\/index.php?rest_route=%2Fwp%2Fv2%2Fcomments&post=68"}],"version-history":[{"count":19,"href":"https:\/\/www.celeste-ollivier.fr\/index.php?rest_route=\/wp\/v2\/pages\/68\/revisions"}],"predecessor-version":[{"id":387,"href":"https:\/\/www.celeste-ollivier.fr\/index.php?rest_route=\/wp\/v2\/pages\/68\/revisions\/387"}],"wp:attachment":[{"href":"https:\/\/www.celeste-ollivier.fr\/index.php?rest_route=%2Fwp%2Fv2%2Fmedia&parent=68"}],"curies":[{"name":"wp","href":"https:\/\/api.w.org\/{rel}","templated":true}]}}