{"id":62,"date":"2025-01-02T13:14:46","date_gmt":"2025-01-02T13:14:46","guid":{"rendered":"https:\/\/www.celeste-ollivier.fr\/?page_id=62"},"modified":"2025-05-01T14:20:31","modified_gmt":"2025-05-01T14:20:31","slug":"projet-tuteure","status":"publish","type":"page","link":"https:\/\/www.celeste-ollivier.fr\/?page_id=62","title":{"rendered":"Projet tuteur\u00e9"},"content":{"rendered":"\t\t<div data-elementor-type=\"wp-page\" data-elementor-id=\"62\" class=\"elementor elementor-62\">\n\t\t\t\t<div class=\"elementor-element elementor-element-9b867d3 e-flex e-con-boxed wpr-particle-no wpr-jarallax-no wpr-parallax-no wpr-sticky-section-no e-con e-parent\" data-id=\"9b867d3\" data-element_type=\"container\" data-settings=\"{&quot;background_background&quot;:&quot;classic&quot;,&quot;shape_divider_bottom&quot;:&quot;split&quot;}\">\n\t\t\t\t\t<div class=\"e-con-inner\">\n\t\t\t\t<div class=\"elementor-shape elementor-shape-bottom\" data-negative=\"false\">\n\t\t\t<svg xmlns=\"http:\/\/www.w3.org\/2000\/svg\" viewBox=\"0 0 1000 20\" preserveAspectRatio=\"none\">\n\t<path class=\"elementor-shape-fill\" d=\"M0,0v3c0,0,393.8,0,483.4,0c9.2,0,16.6,7.4,16.6,16.6c0-9.1,7.4-16.6,16.6-16.6C606.2,3,1000,3,1000,3V0H0z\"\/>\n<\/svg>\t\t<\/div>\n\t\t<div class=\"elementor-element elementor-element-a8cdcf3 e-con-full e-flex wpr-particle-no wpr-jarallax-no wpr-parallax-no wpr-sticky-section-no e-con e-child\" data-id=\"a8cdcf3\" data-element_type=\"container\">\n\t\t\t\t<div class=\"elementor-element elementor-element-1f9c2c5 elementor-widget elementor-widget-heading\" data-id=\"1f9c2c5\" data-element_type=\"widget\" data-widget_type=\"heading.default\">\n\t\t\t\t<div class=\"elementor-widget-container\">\n\t\t\t<h2 class=\"elementor-heading-title elementor-size-default\">Projet tuteur\u00e9<\/h2>\t\t<\/div>\n\t\t\t\t<\/div>\n\t\t\t\t<div class=\"elementor-element elementor-element-bd72101 elementor-widget elementor-widget-heading\" data-id=\"bd72101\" data-element_type=\"widget\" data-widget_type=\"heading.default\">\n\t\t\t\t<div class=\"elementor-widget-container\">\n\t\t\t<h3 class=\"elementor-heading-title elementor-size-default\">2\u00e8me ann\u00e9e de BUT<\/h3>\t\t<\/div>\n\t\t\t\t<\/div>\n\t\t\t\t<div class=\"elementor-element elementor-element-23899b9 elementor-widget__width-initial elementor-widget elementor-widget-image\" data-id=\"23899b9\" data-element_type=\"widget\" data-widget_type=\"image.default\">\n\t\t\t\t<div class=\"elementor-widget-container\">\n\t\t\t\t\t\t\t\t\t\t\t\t\t<img fetchpriority=\"high\" decoding=\"async\" width=\"1320\" height=\"1064\" src=\"https:\/\/www.celeste-ollivier.fr\/wp-content\/uploads\/2025\/01\/Capture-decran-2025-01-03-a-03.06.23.png\" class=\"attachment-1536x1536 size-1536x1536 wp-image-214\" alt=\"\" srcset=\"https:\/\/www.celeste-ollivier.fr\/wp-content\/uploads\/2025\/01\/Capture-decran-2025-01-03-a-03.06.23.png 1320w, https:\/\/www.celeste-ollivier.fr\/wp-content\/uploads\/2025\/01\/Capture-decran-2025-01-03-a-03.06.23-300x242.png 300w, https:\/\/www.celeste-ollivier.fr\/wp-content\/uploads\/2025\/01\/Capture-decran-2025-01-03-a-03.06.23-1024x825.png 1024w, https:\/\/www.celeste-ollivier.fr\/wp-content\/uploads\/2025\/01\/Capture-decran-2025-01-03-a-03.06.23-768x619.png 768w\" sizes=\"(max-width: 1320px) 100vw, 1320px\" \/>\t\t\t\t\t\t\t\t\t\t\t\t\t<\/div>\n\t\t\t\t<\/div>\n\t\t\t\t<\/div>\n\t\t<div class=\"elementor-element elementor-element-1b61057 e-con-full e-flex wpr-particle-no wpr-jarallax-no wpr-parallax-no wpr-sticky-section-no e-con e-child\" data-id=\"1b61057\" data-element_type=\"container\">\n\t\t\t\t<div class=\"elementor-element elementor-element-9c63fc7 elementor-widget elementor-widget-heading\" data-id=\"9c63fc7\" data-element_type=\"widget\" data-widget_type=\"heading.default\">\n\t\t\t\t<div class=\"elementor-widget-container\">\n\t\t\t<h2 class=\"elementor-heading-title elementor-size-default\">Team JPO<\/h2>\t\t<\/div>\n\t\t\t\t<\/div>\n\t\t\t\t<div class=\"elementor-element elementor-element-262c4c8 elementor-widget elementor-widget-spacer\" data-id=\"262c4c8\" data-element_type=\"widget\" data-widget_type=\"spacer.default\">\n\t\t\t\t<div class=\"elementor-widget-container\">\n\t\t\t\t\t<div class=\"elementor-spacer\">\n\t\t\t<div class=\"elementor-spacer-inner\"><\/div>\n\t\t<\/div>\n\t\t\t\t<\/div>\n\t\t\t\t<\/div>\n\t\t\t\t<div class=\"elementor-element elementor-element-1f41e79 elementor-widget__width-initial elementor-widget elementor-widget-text-editor\" data-id=\"1f41e79\" data-element_type=\"widget\" data-widget_type=\"text-editor.default\">\n\t\t\t\t<div class=\"elementor-widget-container\">\n\t\t\t\t\t\t\t<p><span style=\"font-weight: 400;\">Dans le cadre de ma deuxi\u00e8me ann\u00e9e de BUT Information Communication parcours Publicit\u00e9, j\u2019ai d\u00fb m\u2019orienter vers le projet tuteur\u00e9 qui m\u2019inspirait le plus. Un projet tuteur\u00e9 est une opportunit\u00e9 professionnalisante dans laquelle, par \u00e9quipes, nous devons r\u00e9pondre \u00e0 la demande d\u2019un commanditaire tout au long de l\u2019ann\u00e9e.&nbsp;<\/span><\/p><p><span style=\"font-weight: 400;\">Il existe deux cat\u00e9gories de projets tuteur\u00e9s : les projets tuteur\u00e9s internes \u00e0 l\u2019IUT et les projets tuteur\u00e9s externes. Les projets tuteur\u00e9s internes ont pour commanditaire l\u2019IUT tandis que les projets tuteur\u00e9s externes des commanditaires externes \u00e0 l\u2019IUT. Chaque projet est encadr\u00e9 par un tuteur interne \u00e0 l\u2019IUT qui va apporter un suivi puis une \u00e9valuation du travail fourni.<\/span><\/p>\t\t\t\t\t\t<\/div>\n\t\t\t\t<\/div>\n\t\t\t\t<\/div>\n\t\t\t\t\t<\/div>\n\t\t\t\t<\/div>\n\t\t<div class=\"elementor-element elementor-element-480c561 e-flex e-con-boxed wpr-particle-no wpr-jarallax-no wpr-parallax-no wpr-sticky-section-no e-con e-parent\" data-id=\"480c561\" data-element_type=\"container\">\n\t\t\t\t\t<div class=\"e-con-inner\">\n\t\t<div class=\"elementor-element elementor-element-a0a4c14 e-con-full e-flex wpr-particle-no wpr-jarallax-no wpr-parallax-no wpr-sticky-section-no e-con e-child\" data-id=\"a0a4c14\" data-element_type=\"container\">\n\t\t\t\t<div class=\"elementor-element elementor-element-f2702fa elementor-widget elementor-widget-heading\" data-id=\"f2702fa\" data-element_type=\"widget\" data-widget_type=\"heading.default\">\n\t\t\t\t<div class=\"elementor-widget-container\">\n\t\t\t<h2 class=\"elementor-heading-title elementor-size-default\">La Team JPO<\/h2>\t\t<\/div>\n\t\t\t\t<\/div>\n\t\t\t\t<div class=\"elementor-element elementor-element-4be4dd1 elementor-widget elementor-widget-text-editor\" data-id=\"4be4dd1\" data-element_type=\"widget\" data-widget_type=\"text-editor.default\">\n\t\t\t\t<div class=\"elementor-widget-container\">\n\t\t\t\t\t\t\t<p><span style=\"font-weight: 400;\">J\u2019ai toujours aim\u00e9 le partage et le contact avec les gens. C\u2019est pourquoi j\u2019ai directement souhait\u00e9 participer au projet tuteur\u00e9 Team JPO. Ce projet tuteur\u00e9 est un projet interne \u00e0 l\u2019IUT et il consiste \u00e0 organiser de A \u00e0 Z la Journ\u00e9e Portes Ouvertes InfoCom. Les membres de la Team JPO vont \u00e9galement \u00eatre pr\u00e9sents lors des salons Studyrama et L\u2019\u00c9tudiant pour repr\u00e9senter InfoCom Besan\u00e7on.\u00a0<\/span><\/p><p>\u00a0<\/p><p><span style=\"font-weight: 400;\">Apr\u00e8s avoir candidat\u00e9 pour ce projet tuteur\u00e9 qui me tenait \u00e0 c\u0153ur, j\u2019ai finalement \u00e9t\u00e9 retenue pour int\u00e9grer la future Team JPO. <\/span><\/p>\t\t\t\t\t\t<\/div>\n\t\t\t\t<\/div>\n\t\t\t\t<\/div>\n\t\t<div class=\"elementor-element elementor-element-44f3850 e-con-full e-flex wpr-particle-no wpr-jarallax-no wpr-parallax-no wpr-sticky-section-no e-con e-child\" data-id=\"44f3850\" data-element_type=\"container\">\n\t\t\t\t<div class=\"elementor-element elementor-element-3d4ed1e elementor-widget elementor-widget-image\" data-id=\"3d4ed1e\" data-element_type=\"widget\" data-widget_type=\"image.default\">\n\t\t\t\t<div class=\"elementor-widget-container\">\n\t\t\t\t\t\t\t\t\t\t<figure class=\"wp-caption\">\n\t\t\t\t\t\t\t\t\t\t<img decoding=\"async\" width=\"782\" height=\"560\" src=\"https:\/\/www.celeste-ollivier.fr\/wp-content\/uploads\/2025\/01\/Capture-decran-2025-01-03-a-03.15.10.png\" class=\"attachment-large size-large wp-image-215\" alt=\"\" srcset=\"https:\/\/www.celeste-ollivier.fr\/wp-content\/uploads\/2025\/01\/Capture-decran-2025-01-03-a-03.15.10.png 782w, https:\/\/www.celeste-ollivier.fr\/wp-content\/uploads\/2025\/01\/Capture-decran-2025-01-03-a-03.15.10-300x215.png 300w, https:\/\/www.celeste-ollivier.fr\/wp-content\/uploads\/2025\/01\/Capture-decran-2025-01-03-a-03.15.10-768x550.png 768w\" sizes=\"(max-width: 782px) 100vw, 782px\" \/>\t\t\t\t\t\t\t\t\t\t\t<figcaption class=\"widget-image-caption wp-caption-text\">Petit \u00e0 petit, un r\u00f4le m\u2019a \u00e9t\u00e9 attribu\u00e9 : le r\u00f4le de graphiste. J\u2019aime ce r\u00f4le car je suis tr\u00e8s famili\u00e8re avec la cr\u00e9ation et j\u2019aime le design graphique. De plus, c\u2019est l\u2019occasion pour me former davantage sur les logiciels de la suite Adobe. <\/figcaption>\n\t\t\t\t\t\t\t\t\t\t<\/figure>\n\t\t\t\t\t\t\t<\/div>\n\t\t\t\t<\/div>\n\t\t\t\t<\/div>\n\t\t\t\t\t<\/div>\n\t\t\t\t<\/div>\n\t\t<div class=\"elementor-element elementor-element-e91ef2d e-flex e-con-boxed wpr-particle-no wpr-jarallax-no wpr-parallax-no wpr-sticky-section-no e-con e-parent\" data-id=\"e91ef2d\" data-element_type=\"container\" data-settings=\"{&quot;background_background&quot;:&quot;classic&quot;,&quot;shape_divider_top&quot;:&quot;split&quot;,&quot;shape_divider_bottom&quot;:&quot;split&quot;}\">\n\t\t\t\t\t<div class=\"e-con-inner\">\n\t\t\t\t<div class=\"elementor-shape elementor-shape-top\" data-negative=\"false\">\n\t\t\t<svg xmlns=\"http:\/\/www.w3.org\/2000\/svg\" viewBox=\"0 0 1000 20\" preserveAspectRatio=\"none\">\n\t<path class=\"elementor-shape-fill\" d=\"M0,0v3c0,0,393.8,0,483.4,0c9.2,0,16.6,7.4,16.6,16.6c0-9.1,7.4-16.6,16.6-16.6C606.2,3,1000,3,1000,3V0H0z\"\/>\n<\/svg>\t\t<\/div>\n\t\t\t\t<div class=\"elementor-shape elementor-shape-bottom\" data-negative=\"false\">\n\t\t\t<svg xmlns=\"http:\/\/www.w3.org\/2000\/svg\" viewBox=\"0 0 1000 20\" preserveAspectRatio=\"none\">\n\t<path class=\"elementor-shape-fill\" d=\"M0,0v3c0,0,393.8,0,483.4,0c9.2,0,16.6,7.4,16.6,16.6c0-9.1,7.4-16.6,16.6-16.6C606.2,3,1000,3,1000,3V0H0z\"\/>\n<\/svg>\t\t<\/div>\n\t\t\t\t<div class=\"elementor-element elementor-element-3cd4766 elementor-widget elementor-widget-heading\" data-id=\"3cd4766\" data-element_type=\"widget\" data-widget_type=\"heading.default\">\n\t\t\t\t<div class=\"elementor-widget-container\">\n\t\t\t<h2 class=\"elementor-heading-title elementor-size-default\">Nos missions<\/h2>\t\t<\/div>\n\t\t\t\t<\/div>\n\t\t\t\t<div class=\"elementor-element elementor-element-5da1e95 elementor-widget elementor-widget-spacer\" data-id=\"5da1e95\" data-element_type=\"widget\" data-widget_type=\"spacer.default\">\n\t\t\t\t<div class=\"elementor-widget-container\">\n\t\t\t\t\t<div class=\"elementor-spacer\">\n\t\t\t<div class=\"elementor-spacer-inner\"><\/div>\n\t\t<\/div>\n\t\t\t\t<\/div>\n\t\t\t\t<\/div>\n\t\t\t\t<div class=\"elementor-element elementor-element-b071628 elementor-widget__width-initial elementor-widget elementor-widget-eael-feature-list\" data-id=\"b071628\" data-element_type=\"widget\" data-widget_type=\"eael-feature-list.default\">\n\t\t\t\t<div class=\"elementor-widget-container\">\n\t\t\t\t\t<div class=\"-icon-position-left -tablet-icon-position-left -mobile-icon-position-left\">\n\t\t\t<ul id=\"eael-feature-list-b071628\" class=\"eael-feature-list-items circle stacked  eael-feature-list-vertical\">\n\t\t\t                <li class=\"eael-feature-list-item elementor-repeater-item-b672921\">\n                    \n\t\t\t\t\t\t<div class=\"eael-feature-list-icon-box\">\n\t\t\t\t\t\t\t<div class=\"eael-feature-list-icon-inner\">\n\n\t\t\t\t\t\t\t\t<span class=\"eael-feature-list-icon fl-icon-0\">\n\n\t\t<svg aria-hidden=\"true\" class=\"e-font-icon-svg e-fas-school\" viewBox=\"0 0 640 512\" xmlns=\"http:\/\/www.w3.org\/2000\/svg\"><path d=\"M0 224v272c0 8.84 7.16 16 16 16h80V192H32c-17.67 0-32 14.33-32 32zm360-48h-24v-40c0-4.42-3.58-8-8-8h-16c-4.42 0-8 3.58-8 8v64c0 4.42 3.58 8 8 8h48c4.42 0 8-3.58 8-8v-16c0-4.42-3.58-8-8-8zm137.75-63.96l-160-106.67a32.02 32.02 0 0 0-35.5 0l-160 106.67A32.002 32.002 0 0 0 128 138.66V512h128V368c0-8.84 7.16-16 16-16h96c8.84 0 16 7.16 16 16v144h128V138.67c0-10.7-5.35-20.7-14.25-26.63zM320 256c-44.18 0-80-35.82-80-80s35.82-80 80-80 80 35.82 80 80-35.82 80-80 80zm288-64h-64v320h80c8.84 0 16-7.16 16-16V224c0-17.67-14.33-32-32-32z\"><\/path><\/svg>\t\t\t\t\t\t\t\t<\/span>\n\t\t\t\t\t\t\t<\/div>\n\t\t\t\t\t\t<\/div>\n\t\t\t\t\t\t<div class=\"eael-feature-list-content-box\">\n                            <h2 class=\"eael-feature-list-title\">1. Pr\u00e9sentations dans les lyc\u00e9es<\/h2>\t\t\t\t\t\t<p class=\"eael-feature-list-content\">Entre novembre et d\u00e9cembre 2024, nous avons sollicit\u00e9 les \u00e9tudiants de notre formation \u00e0 aller pr\u00e9senter le BUT Information Communication dans leurs lyc\u00e9es respectifs.<\/p>\n\t\t\t\t\t\t<\/div>\n\n\t\t\t\t\t<\/li>\n\t\t\t\t                <li class=\"eael-feature-list-item elementor-repeater-item-211c5a4\">\n                    \n\t\t\t\t\t\t<div class=\"eael-feature-list-icon-box\">\n\t\t\t\t\t\t\t<div class=\"eael-feature-list-icon-inner\">\n\n\t\t\t\t\t\t\t\t<span class=\"eael-feature-list-icon fl-icon-1\">\n\n\t\t<svg aria-hidden=\"true\" class=\"e-font-icon-svg e-far-handshake\" viewBox=\"0 0 640 512\" xmlns=\"http:\/\/www.w3.org\/2000\/svg\"><path d=\"M519.2 127.9l-47.6-47.6A56.252 56.252 0 0 0 432 64H205.2c-14.8 0-29.1 5.9-39.6 16.3L118 127.9H0v255.7h64c17.6 0 31.8-14.2 31.9-31.7h9.1l84.6 76.4c30.9 25.1 73.8 25.7 105.6 3.8 12.5 10.8 26 15.9 41.1 15.9 18.2 0 35.3-7.4 48.8-24 22.1 8.7 48.2 2.6 64-16.8l26.2-32.3c5.6-6.9 9.1-14.8 10.9-23h57.9c.1 17.5 14.4 31.7 31.9 31.7h64V127.9H519.2zM48 351.6c-8.8 0-16-7.2-16-16s7.2-16 16-16 16 7.2 16 16c0 8.9-7.2 16-16 16zm390-6.9l-26.1 32.2c-2.8 3.4-7.8 4-11.3 1.2l-23.9-19.4-30 36.5c-6 7.3-15 4.8-18 2.4l-36.8-31.5-15.6 19.2c-13.9 17.1-39.2 19.7-55.3 6.6l-97.3-88H96V175.8h41.9l61.7-61.6c2-.8 3.7-1.5 5.7-2.3H262l-38.7 35.5c-29.4 26.9-31.1 72.3-4.4 101.3 14.8 16.2 61.2 41.2 101.5 4.4l8.2-7.5 108.2 87.8c3.4 2.8 3.9 7.9 1.2 11.3zm106-40.8h-69.2c-2.3-2.8-4.9-5.4-7.7-7.7l-102.7-83.4 12.5-11.4c6.5-6 7-16.1 1-22.6L367 167.1c-6-6.5-16.1-6.9-22.6-1l-55.2 50.6c-9.5 8.7-25.7 9.4-34.6 0-9.3-9.9-8.5-25.1 1.2-33.9l65.6-60.1c7.4-6.8 17-10.5 27-10.5l83.7-.2c2.1 0 4.1.8 5.5 2.3l61.7 61.6H544v128zm48 47.7c-8.8 0-16-7.2-16-16s7.2-16 16-16 16 7.2 16 16c0 8.9-7.2 16-16 16z\"><\/path><\/svg>\t\t\t\t\t\t\t\t<\/span>\n\t\t\t\t\t\t\t<\/div>\n\t\t\t\t\t\t<\/div>\n\t\t\t\t\t\t<div class=\"eael-feature-list-content-box\">\n                            <h2 class=\"eael-feature-list-title\">2. Salons Studyrama &amp; L'\u00c9tudiant<\/h2>\t\t\t\t\t\t<p class=\"eael-feature-list-content\">Le 30 novembre nous avons \u00e9t\u00e9 pr\u00e9sentes au salon Studyrama pour repr\u00e9senter notre formation et la pr\u00e9senter aux visiteurs. \n\nLe 18 janvier, nous serons pr\u00e9sentes au salon de L' \u00c9tudiant pour faire de m\u00eame et r\u00e9pondre aux questions des visiteurs. <\/p>\n\t\t\t\t\t\t<\/div>\n\n\t\t\t\t\t<\/li>\n\t\t\t\t                <li class=\"eael-feature-list-item elementor-repeater-item-717fe1c\">\n                    \n\t\t\t\t\t\t<div class=\"eael-feature-list-icon-box\">\n\t\t\t\t\t\t\t<div class=\"eael-feature-list-icon-inner\">\n\n\t\t\t\t\t\t\t\t<span class=\"eael-feature-list-icon fl-icon-2\">\n\n\t\t<svg aria-hidden=\"true\" class=\"e-font-icon-svg e-far-comments\" viewBox=\"0 0 576 512\" xmlns=\"http:\/\/www.w3.org\/2000\/svg\"><path d=\"M532 386.2c27.5-27.1 44-61.1 44-98.2 0-80-76.5-146.1-176.2-157.9C368.3 72.5 294.3 32 208 32 93.1 32 0 103.6 0 192c0 37 16.5 71 44 98.2-15.3 30.7-37.3 54.5-37.7 54.9-6.3 6.7-8.1 16.5-4.4 25 3.6 8.5 12 14 21.2 14 53.5 0 96.7-20.2 125.2-38.8 9.2 2.1 18.7 3.7 28.4 4.9C208.1 407.6 281.8 448 368 448c20.8 0 40.8-2.4 59.8-6.8C456.3 459.7 499.4 480 553 480c9.2 0 17.5-5.5 21.2-14 3.6-8.5 1.9-18.3-4.4-25-.4-.3-22.5-24.1-37.8-54.8zm-392.8-92.3L122.1 305c-14.1 9.1-28.5 16.3-43.1 21.4 2.7-4.7 5.4-9.7 8-14.8l15.5-31.1L77.7 256C64.2 242.6 48 220.7 48 192c0-60.7 73.3-112 160-112s160 51.3 160 112-73.3 112-160 112c-16.5 0-33-1.9-49-5.6l-19.8-4.5zM498.3 352l-24.7 24.4 15.5 31.1c2.6 5.1 5.3 10.1 8 14.8-14.6-5.1-29-12.3-43.1-21.4l-17.1-11.1-19.9 4.6c-16 3.7-32.5 5.6-49 5.6-54 0-102.2-20.1-131.3-49.7C338 339.5 416 272.9 416 192c0-3.4-.4-6.7-.7-10C479.7 196.5 528 238.8 528 288c0 28.7-16.2 50.6-29.7 64z\"><\/path><\/svg>\t\t\t\t\t\t\t\t<\/span>\n\t\t\t\t\t\t\t<\/div>\n\t\t\t\t\t\t<\/div>\n\t\t\t\t\t\t<div class=\"eael-feature-list-content-box\">\n                            <h2 class=\"eael-feature-list-title\">3. Journ\u00e9e Portes Ouvertes<\/h2>\t\t\t\t\t\t<p class=\"eael-feature-list-content\">C'est le 25 janvier qu'aura lieu l'\u00e9v\u00e8nement le plus important de notre projet : la JPO. \nElle sera enti\u00e8rement r\u00e9alis\u00e9e par notre team avec pour ligne directrice un th\u00e8me sp\u00e9cial (secret pour l'instant ...)<\/p>\n\t\t\t\t\t\t<\/div>\n\n\t\t\t\t\t<\/li>\n\t\t\t\t                <li class=\"eael-feature-list-item elementor-repeater-item-82265f7\">\n                    \n\t\t\t\t\t\t<div class=\"eael-feature-list-icon-box\">\n\t\t\t\t\t\t\t<div class=\"eael-feature-list-icon-inner\">\n\n\t\t\t\t\t\t\t\t<span class=\"eael-feature-list-icon fl-icon-3\">\n\n\t\t<svg aria-hidden=\"true\" class=\"e-font-icon-svg e-fas-users\" viewBox=\"0 0 640 512\" xmlns=\"http:\/\/www.w3.org\/2000\/svg\"><path d=\"M96 224c35.3 0 64-28.7 64-64s-28.7-64-64-64-64 28.7-64 64 28.7 64 64 64zm448 0c35.3 0 64-28.7 64-64s-28.7-64-64-64-64 28.7-64 64 28.7 64 64 64zm32 32h-64c-17.6 0-33.5 7.1-45.1 18.6 40.3 22.1 68.9 62 75.1 109.4h66c17.7 0 32-14.3 32-32v-32c0-35.3-28.7-64-64-64zm-256 0c61.9 0 112-50.1 112-112S381.9 32 320 32 208 82.1 208 144s50.1 112 112 112zm76.8 32h-8.3c-20.8 10-43.9 16-68.5 16s-47.6-6-68.5-16h-8.3C179.6 288 128 339.6 128 403.2V432c0 26.5 21.5 48 48 48h288c26.5 0 48-21.5 48-48v-28.8c0-63.6-51.6-115.2-115.2-115.2zm-223.7-13.4C161.5 263.1 145.6 256 128 256H64c-35.3 0-64 28.7-64 64v32c0 17.7 14.3 32 32 32h65.9c6.3-47.4 34.9-87.3 75.2-109.4z\"><\/path><\/svg>\t\t\t\t\t\t\t\t<\/span>\n\t\t\t\t\t\t\t<\/div>\n\t\t\t\t\t\t<\/div>\n\t\t\t\t\t\t<div class=\"eael-feature-list-content-box\">\n                            <h2 class=\"eael-feature-list-title\">4. Projet parrainage<\/h2>\t\t\t\t\t\t<p class=\"eael-feature-list-content\">Le projet parrainage a pour but de faire d\u00e9couvrir la formation le temps d'une journ\u00e9e \u00e0 plusieurs lyc\u00e9ens en leur proposant une journ\u00e9e d'immersion lors de laquelle ils pourraient plonger dans l'univers d'InfoCom et de ses diff\u00e9rents cours. <\/p>\n\t\t\t\t\t\t<\/div>\n\n\t\t\t\t\t<\/li>\n\t\t\t\t\t\t\t<\/ul>\n\t\t<\/div>\n\t\t\t\t<\/div>\n\t\t\t\t<\/div>\n\t\t\t\t<div class=\"elementor-element elementor-element-4c3917a elementor-widget elementor-widget-spacer\" data-id=\"4c3917a\" data-element_type=\"widget\" data-widget_type=\"spacer.default\">\n\t\t\t\t<div class=\"elementor-widget-container\">\n\t\t\t\t\t<div class=\"elementor-spacer\">\n\t\t\t<div class=\"elementor-spacer-inner\"><\/div>\n\t\t<\/div>\n\t\t\t\t<\/div>\n\t\t\t\t<\/div>\n\t\t\t\t\t<\/div>\n\t\t\t\t<\/div>\n\t\t\t\t<\/div>\n\t\t","protected":false},"excerpt":{"rendered":"<p>Projet tuteur\u00e9 2\u00e8me ann\u00e9e de BUT Team JPO Dans le cadre de ma deuxi\u00e8me ann\u00e9e de BUT Information Communication parcours Publicit\u00e9, j\u2019ai d\u00fb m\u2019orienter vers le projet tuteur\u00e9 qui m\u2019inspirait le plus. Un projet tuteur\u00e9 est une opportunit\u00e9 professionnalisante dans laquelle, par \u00e9quipes, nous devons r\u00e9pondre \u00e0 la demande d\u2019un commanditaire tout au long de l\u2019ann\u00e9e.&nbsp; Il existe deux cat\u00e9gories de projets tuteur\u00e9s : les projets tuteur\u00e9s internes \u00e0 l\u2019IUT et les projets tuteur\u00e9s externes. Les projets tuteur\u00e9s internes ont pour commanditaire l\u2019IUT tandis que les projets tuteur\u00e9s externes des commanditaires externes \u00e0 l\u2019IUT. Chaque projet est encadr\u00e9 par un tuteur interne \u00e0 l\u2019IUT qui va apporter un suivi puis une \u00e9valuation du travail fourni. La Team JPO J\u2019ai toujours aim\u00e9 le partage et le contact avec les gens. C\u2019est pourquoi j\u2019ai directement souhait\u00e9 participer au projet tuteur\u00e9 Team JPO. Ce projet tuteur\u00e9 est un projet interne \u00e0 l\u2019IUT et il consiste \u00e0 organiser de A \u00e0 Z la Journ\u00e9e Portes Ouvertes InfoCom. Les membres de la Team JPO vont \u00e9galement \u00eatre pr\u00e9sents lors des salons Studyrama et L\u2019\u00c9tudiant pour repr\u00e9senter InfoCom Besan\u00e7on.\u00a0 \u00a0 Apr\u00e8s avoir candidat\u00e9 pour ce projet tuteur\u00e9 qui me tenait \u00e0 c\u0153ur, j\u2019ai finalement \u00e9t\u00e9 retenue pour int\u00e9grer la future Team JPO. Petit \u00e0 petit, un r\u00f4le m\u2019a \u00e9t\u00e9 attribu\u00e9 : le r\u00f4le de graphiste. J\u2019aime ce r\u00f4le car je suis tr\u00e8s famili\u00e8re avec la cr\u00e9ation et j\u2019aime le design graphique. De plus, c\u2019est l\u2019occasion pour me former davantage sur les logiciels de la suite Adobe. Nos missions 1. Pr\u00e9sentations dans les lyc\u00e9es Entre novembre et d\u00e9cembre 2024, nous avons sollicit\u00e9 les \u00e9tudiants de notre formation \u00e0 aller pr\u00e9senter le BUT Information Communication dans leurs lyc\u00e9es respectifs. 2. Salons Studyrama &amp; L&rsquo;\u00c9tudiant Le 30 novembre nous avons \u00e9t\u00e9 pr\u00e9sentes au salon Studyrama pour repr\u00e9senter notre formation et la pr\u00e9senter aux visiteurs. Le 18 janvier, nous serons pr\u00e9sentes au salon de L&rsquo; \u00c9tudiant pour faire de m\u00eame et r\u00e9pondre aux questions des visiteurs. 3. Journ\u00e9e Portes Ouvertes C&rsquo;est le 25 janvier qu&rsquo;aura lieu l&rsquo;\u00e9v\u00e8nement le plus important de notre projet : la JPO. Elle sera enti\u00e8rement r\u00e9alis\u00e9e par notre team avec pour ligne directrice un th\u00e8me sp\u00e9cial (secret pour l&rsquo;instant &#8230;) 4. Projet parrainage Le projet parrainage a pour but de faire d\u00e9couvrir la formation le temps d&rsquo;une journ\u00e9e \u00e0 plusieurs lyc\u00e9ens en leur proposant une journ\u00e9e d&rsquo;immersion lors de laquelle ils pourraient plonger dans l&rsquo;univers d&rsquo;InfoCom et de ses diff\u00e9rents cours.<\/p>\n","protected":false},"author":1,"featured_media":0,"parent":0,"menu_order":0,"comment_status":"closed","ping_status":"closed","template":"","meta":{"footnotes":""},"class_list":["post-62","page","type-page","status-publish","hentry"],"_links":{"self":[{"href":"https:\/\/www.celeste-ollivier.fr\/index.php?rest_route=\/wp\/v2\/pages\/62","targetHints":{"allow":["GET"]}}],"collection":[{"href":"https:\/\/www.celeste-ollivier.fr\/index.php?rest_route=\/wp\/v2\/pages"}],"about":[{"href":"https:\/\/www.celeste-ollivier.fr\/index.php?rest_route=\/wp\/v2\/types\/page"}],"author":[{"embeddable":true,"href":"https:\/\/www.celeste-ollivier.fr\/index.php?rest_route=\/wp\/v2\/users\/1"}],"replies":[{"embeddable":true,"href":"https:\/\/www.celeste-ollivier.fr\/index.php?rest_route=%2Fwp%2Fv2%2Fcomments&post=62"}],"version-history":[{"count":13,"href":"https:\/\/www.celeste-ollivier.fr\/index.php?rest_route=\/wp\/v2\/pages\/62\/revisions"}],"predecessor-version":[{"id":381,"href":"https:\/\/www.celeste-ollivier.fr\/index.php?rest_route=\/wp\/v2\/pages\/62\/revisions\/381"}],"wp:attachment":[{"href":"https:\/\/www.celeste-ollivier.fr\/index.php?rest_route=%2Fwp%2Fv2%2Fmedia&parent=62"}],"curies":[{"name":"wp","href":"https:\/\/api.w.org\/{rel}","templated":true}]}}